{"id":6,"date":"2025-01-27T15:36:45","date_gmt":"2025-01-27T15:36:45","guid":{"rendered":"https:\/\/bootcamp.globaluinternships.com\/?page_id=6"},"modified":"2025-03-21T18:21:37","modified_gmt":"2025-03-21T18:21:37","slug":"bootcamp","status":"publish","type":"page","link":"https:\/\/bootcamp.globaluinternships.com\/","title":{"rendered":"Bootcamp ACCESS"},"content":{"rendered":"\n<div class=\"wp-block-group alignfull has-global-padding is-layout-constrained wp-block-group-is-layout-constrained\" style=\"margin-top:0;margin-bottom:0\">\n<div class=\"wp-block-columns alignfull is-layout-flex wp-container-core-columns-is-layout-9c22b1e3 wp-block-columns-is-layout-flex\">\n<div class=\"wp-block-column is-layout-flow wp-block-column-is-layout-flow\" style=\"flex-basis:55%\">\n<figure class=\"wp-block-embed is-type-video is-provider-youtube wp-block-embed-youtube wp-embed-aspect-16-9 wp-has-aspect-ratio\"><div class=\"wp-block-embed__wrapper\">\n<iframe loading=\"lazy\" title=\"Bootcamp &quot;Consigue tu vacante internacional&quot;\" width=\"500\" height=\"281\" src=\"https:\/\/www.youtube.com\/embed\/XGFTQ21_B2M?start=2&#038;feature=oembed\" frameborder=\"0\" allow=\"accelerometer; autoplay; clipboard-write; encrypted-media; gyroscope; picture-in-picture; web-share\" referrerpolicy=\"strict-origin-when-cross-origin\" allowfullscreen><\/iframe>\n<\/div><\/figure>\n<\/div>\n\n\n\n<div class=\"wp-block-column is-vertically-aligned-center is-layout-flow wp-block-column-is-layout-flow\" style=\"padding-top:var(--wp--preset--spacing--60);padding-right:var(--wp--preset--spacing--60);padding-bottom:var(--wp--preset--spacing--60);padding-left:var(--wp--preset--spacing--60)\">\n<h2 class=\"wp-block-heading has-xx-large-font-size has-text-color has-link-color wp-elements-2449a30025a1c05e038288c3e62ce6a8\" style=\"color:#ff8133\"><strong>Con nuestro entrenamiento conseguir tu pr\u00e1ctica o trabajo Global &#8230; \u00a1Es posible!<\/strong><\/h2>\n\n\n\n<p><strong>Nuevo Bootcamp de entrenamiento de habilidades de b\u00fasqueda laboral internacional<\/strong><\/p>\n\n\n\n<p><\/p>\n<\/div>\n<\/div>\n<\/div>\n\n\n\n<div class=\"wp-block-buttons is-content-justification-center is-layout-flex wp-container-core-buttons-is-layout-a89b3969 wp-block-buttons-is-layout-flex\">\n<div class=\"wp-block-button\"><a class=\"wp-block-button__link has-background wp-element-button\" style=\"background-color:#ff8133\"><strong>Inscribirme<\/strong><\/a><\/div>\n<\/div>\n\n\n\n<div class=\"wp-block-group alignfull has-global-padding is-layout-constrained wp-block-group-is-layout-constrained\" style=\"margin-top:0;margin-bottom:0;padding-top:var(--wp--preset--spacing--50);padding-bottom:var(--wp--preset--spacing--50)\">\n<div class=\"wp-block-columns alignwide is-layout-flex wp-container-core-columns-is-layout-fa584acd wp-block-columns-is-layout-flex\">\n<div class=\"wp-block-column is-vertically-aligned-center is-layout-flow wp-block-column-is-layout-flow\">\n<h2 class=\"wp-block-heading has-xx-large-font-size\"><strong>Fecha pr\u00f3ximo Bootcamp<\/strong><\/h2>\n\n\n\n<p>Martes 25 de Marzo, Martes 1, 8 y 15 de Abril 2025<\/p>\n\n\n\n<p><strong>Horario <\/strong>19:00Hrs (CL)<\/p>\n\n\n\n<p>Inscripciones CERRADAS<\/p>\n\n\n\n<p class=\"has-medium-font-size\"><\/p>\n<\/div>\n\n\n\n<div class=\"wp-block-column is-vertically-aligned-center is-layout-flow wp-block-column-is-layout-flow\">\n<h4 class=\"wp-block-heading has-text-color has-link-color wp-elements-5928c2da3d0670209c0b418353df5bc8\" style=\"color:#ff8133\"><strong>Precio lanzamiento US <\/strong><strong>$397<\/strong><\/h4>\n\n\n\n<h6 class=\"wp-block-heading\"><strong>\u00a1hasta en 12 cuotas!<\/strong><\/h6>\n\n\n\n<p>Valor normal US $597<br>Incluye Bonus:<br>\u2013 Dos sesiones de acompa\u00f1amiento de 60 minutos (valor US$300)<br>\u2013 Clase Bonus de visas para EEUU, Canad\u00e1, Australia, Espa\u00f1a y Nueva Zelanda (valor US $250)&nbsp;<\/p>\n\n\n\n<p class=\"has-text-color has-link-color wp-elements-2cd860116ae972235a2627f7e6e04ce6\" style=\"color:#ff8133\">\u00a1Valor total que te llevas US$1.147 por solo US397!<\/p>\n<\/div>\n<\/div>\n<\/div>\n\n\n\n<div class=\"wp-block-group alignfull is-style-default has-global-padding is-layout-constrained wp-block-group-is-layout-constrained\" style=\"margin-top:0;margin-bottom:0;padding-top:var(--wp--preset--spacing--60);padding-bottom:var(--wp--preset--spacing--60)\">\n<div class=\"wp-block-columns alignwide is-layout-flex wp-container-core-columns-is-layout-6ef9061c wp-block-columns-is-layout-flex\">\n<div class=\"wp-block-column is-layout-flow wp-block-column-is-layout-flow\" style=\"flex-basis:60%\">\n<div class=\"wp-block-group is-vertical is-layout-flex wp-container-core-group-is-layout-913d5755 wp-block-group-is-layout-flex\" style=\"padding-bottom:var(--wp--preset--spacing--30)\">\n<h2 class=\"wp-block-heading\"><strong>Objetivo<\/strong><\/h2>\n\n\n\n<p class=\"has-medium-font-size\">Capacitar a estudiantes independientemente de su especialidad, con herramientas de empleabilidad,&nbsp; para que pueda conseguir una pr\u00e1ctica, pasant\u00eda o trabajo de t\u00edtulo internacional.<\/p>\n\n\n\n<p>Reducir los costos de agencia para la internacionalizaci\u00f3n en m\u00e1s de un 75%, lo que se traduce en m\u00e1s presupuesto para: visa, pasajes, seguro, mantenci\u00f3n, entre otros&nbsp;<\/p>\n\n\n\n<p>Dar a conocer proveedores confiables de servicios necesarios a contratar<\/p>\n\n\n\n<p>Realizar din\u00e1micas pr\u00e1cticas al final de cada sesi\u00f3n para internalizar conocimientos.<\/p>\n<\/div>\n<\/div>\n\n\n\n<div class=\"wp-block-column is-layout-flow wp-block-column-is-layout-flow\" style=\"flex-basis:40%\">\n<div class=\"wp-block-columns is-layout-flex wp-container-core-columns-is-layout-28f84493 wp-block-columns-is-layout-flex\">\n<div class=\"wp-block-column is-layout-flow wp-container-core-column-is-layout-5dafc681 wp-block-column-is-layout-flow\">\n<p><strong>Contenido<\/strong><\/p>\n\n\n\n<p class=\"has-medium-font-size\">Clase 1: Introducci\u00f3n a la Movilidad Internacional y el Mercado Global de Trabajo<\/p>\n\n\n\n<p class=\"has-medium-font-size\">Clase 2: Creaci\u00f3n de un CV y Carta de Presentaci\u00f3n Internacional<\/p>\n\n\n\n<p class=\"has-medium-font-size\">Clase 3: C\u00f3mo Buscar Oportunidades de Trabajo Internacional<\/p>\n\n\n\n<p class=\"has-medium-font-size\">Clase 4: Preparaci\u00f3n para Entrevistas Internacionales y Adaptaci\u00f3n Cultural<br><\/p>\n\n\n\n<p class=\"has-medium-font-size\">Bonus Clase 5: Visas y requisitos<\/p>\n\n\n\n<p><\/p>\n<\/div>\n<\/div>\n<\/div>\n<\/div>\n<\/div>\n\n\n\n<div class=\"wp-block-group alignfull has-global-padding is-layout-constrained wp-block-group-is-layout-constrained\" style=\"margin-top:0;margin-bottom:0\">\n<div class=\"wp-block-group alignwide is-layout-flow wp-container-core-group-is-layout-d58a0413 wp-block-group-is-layout-flow\" style=\"padding-top:var(--wp--preset--spacing--50);padding-bottom:var(--wp--preset--spacing--50)\">\n<h2 class=\"wp-block-heading has-x-large-font-size\">Preguntas frecuentes<\/h2>\n\n\n\n<div class=\"wp-block-columns is-layout-flex wp-container-core-columns-is-layout-cbe57604 wp-block-columns-is-layout-flex\">\n<div class=\"wp-block-column is-layout-flow wp-block-column-is-layout-flow\">\n<div class=\"wp-block-group is-layout-flow wp-block-group-is-layout-flow\" style=\"border-top-color:var(--wp--preset--color--accent-6);border-top-width:1px;padding-top:var(--wp--preset--spacing--30);padding-bottom:var(--wp--preset--spacing--30)\">\n<h3 class=\"wp-block-heading\"><strong>Modalidad<\/strong><\/h3>\n\n\n\n<p class=\"has-medium-font-size\">4 Clases online en vivo + 1 clase bonus de visas<\/p>\n\n\n\n<p class=\"has-medium-font-size\">2 horas por clase<\/p>\n\n\n\n<p class=\"has-medium-font-size\">1 vez por semana<\/p>\n\n\n\n<p class=\"has-medium-font-size\"><\/p>\n<\/div>\n<\/div>\n\n\n\n<div class=\"wp-block-column is-layout-flow wp-block-column-is-layout-flow\">\n<div class=\"wp-block-group is-layout-flow wp-block-group-is-layout-flow\" style=\"border-top-color:var(--wp--preset--color--accent-6);border-top-width:1px;padding-top:var(--wp--preset--spacing--30);padding-bottom:var(--wp--preset--spacing--30)\">\n<h3 class=\"wp-block-heading\"><strong>Fechas<\/strong><\/h3>\n\n\n\n<p class=\"has-medium-font-size\"><strong>Clase 1:<\/strong> Martes&nbsp; 25 de Marzo 2025.&nbsp;<\/p>\n\n\n\n<p class=\"has-medium-font-size\"><strong>Clase 2:<\/strong> Martes 01 de Abril 2025.<br><strong>Clase Bonus:<\/strong> Por definir.<\/p>\n\n\n\n<p class=\"has-medium-font-size\"><strong>Clase 3:<\/strong> Martes 08 de Abril 2025.<br><strong>Clase 4:<\/strong> Martes 15 de Abril 2025.<\/p>\n<\/div>\n<\/div>\n<\/div>\n\n\n\n<div class=\"wp-block-columns is-layout-flex wp-container-core-columns-is-layout-cbe57604 wp-block-columns-is-layout-flex\">\n<div class=\"wp-block-column is-layout-flow wp-block-column-is-layout-flow\">\n<div class=\"wp-block-group is-layout-flow wp-block-group-is-layout-flow\" style=\"border-top-color:var(--wp--preset--color--accent-6);border-top-width:1px;padding-top:var(--wp--preset--spacing--30);padding-bottom:var(--wp--preset--spacing--30)\">\n<h3 class=\"wp-block-heading\"><strong>Beneficios de hacer una experiencia internacional:<\/strong><\/h3>\n\n\n\n<p class=\"has-medium-font-size\">Quienes tienen experiencia internacional ganan entre un 15% y 30% m\u00e1s en su primer trabajo&nbsp;<\/p>\n\n\n\n<p class=\"has-medium-font-size\">Ganas experiencia laboral<\/p>\n\n\n\n<p class=\"has-medium-font-size\">Pones a prueba toda la teor\u00eda aprendida en la universidad<\/p>\n\n\n\n<p class=\"has-medium-font-size\">Puedes convertir la pr\u00e1ctica en tu pr\u00f3ximo empleo<\/p>\n\n\n\n<p class=\"has-medium-font-size\">Enriquecimiento cultural y apertura de mente<\/p>\n\n\n\n<p class=\"has-medium-font-size\">Adaptabilidad<\/p>\n\n\n\n<p class=\"has-medium-font-size\">Networking internacional<\/p>\n<\/div>\n<\/div>\n\n\n\n<div class=\"wp-block-column is-layout-flow wp-block-column-is-layout-flow\">\n<div class=\"wp-block-group is-layout-flow wp-block-group-is-layout-flow\" style=\"border-top-color:var(--wp--preset--color--accent-6);border-top-width:1px;padding-top:var(--wp--preset--spacing--30);padding-bottom:var(--wp--preset--spacing--30)\">\n<h3 class=\"wp-block-heading\"><strong>Condiciones<\/strong><\/h3>\n\n\n\n<p class=\"has-medium-font-size\"><strong>Valor del Taller:<\/strong> US $397 por estudiante.&nbsp;<\/p>\n\n\n\n<p class=\"has-medium-font-size\">El pago se puede realizar en moneda local y hasta en 12 cuotas precio contado con tarjeta de cr\u00e9dito.&nbsp;<\/p>\n\n\n\n<p class=\"has-medium-font-size\">Reembolso del 100% hasta 2 semanas previo a la fecha de comienzo, luego no se realizan reembolsos.<\/p>\n\n\n\n<p class=\"has-medium-font-size\">El precio pagado del taller ser\u00e1 descontable de los valores de los planes personalizados in-country de Global U Internships si alguno de los asistentes desea contratar posteriormente.&nbsp;&nbsp;<\/p>\n\n\n\n<p class=\"has-medium-font-size\">Cualquier cambio en las condiciones del taller, ser\u00e1 informado previamente.&nbsp;<\/p>\n<\/div>\n<\/div>\n<\/div>\n<\/div>\n<\/div>\n\n\n\n<div class=\"wp-block-columns is-layout-flex wp-container-core-columns-is-layout-28f84493 wp-block-columns-is-layout-flex\">\n<div class=\"wp-block-column is-layout-flow wp-block-column-is-layout-flow\">\n<h2 class=\"wp-block-heading has-medium-font-size\"><strong>Sobre el relator<\/strong><\/h2>\n\n\n\n<ul class=\"wp-block-list\">\n<li class=\"has-small-font-size\">Ingeniero civil industrial, Universidad de Chile<\/li>\n\n\n\n<li class=\"has-small-font-size\">Experiencia trabajando en empresas multinacionales en Chile y Asia<\/li>\n\n\n\n<li class=\"has-small-font-size\">Director en la C\u00e1mara de Comercio Chile-ASEAN<\/li>\n\n\n\n<li class=\"has-small-font-size\">Director programa de pr\u00e1cticas internacionales Global U Internships<\/li>\n\n\n\n<li class=\"has-small-font-size\">Coach laboral certificado, National Career Development Association (EEUU)<\/li>\n<\/ul>\n<\/div>\n\n\n\n<div class=\"wp-block-column is-layout-flow wp-block-column-is-layout-flow\">\n<figure class=\"wp-block-image size-full\"><img loading=\"lazy\" decoding=\"async\" width=\"400\" height=\"265\" src=\"https:\/\/bootcamp.globaluinternships.com\/wp-content\/uploads\/2025\/01\/relator.jpg\" alt=\"\" class=\"wp-image-9\" srcset=\"https:\/\/bootcamp.globaluinternships.com\/wp-content\/uploads\/2025\/01\/relator.jpg 400w, https:\/\/bootcamp.globaluinternships.com\/wp-content\/uploads\/2025\/01\/relator-300x199.jpg 300w\" sizes=\"auto, (max-width: 400px) 100vw, 400px\" \/><\/figure>\n<\/div>\n<\/div>\n\n\n\n<div class=\"wp-block-buttons is-content-justification-center is-layout-flex wp-container-core-buttons-is-layout-a89b3969 wp-block-buttons-is-layout-flex\">\n<div class=\"wp-block-button\"><a class=\"wp-block-button__link has-background wp-element-button\" style=\"background-color:#ff8133\"><strong>Inscribirme<\/strong><\/a><\/div>\n<\/div>\n","protected":false},"excerpt":{"rendered":"<p>Con nuestro entrenamiento conseguir tu pr\u00e1ctica o trabajo Global &#8230; \u00a1Es posible! Nuevo Bootcamp de entrenamiento de habilidades de b\u00fasqueda laboral internacional Fecha pr\u00f3ximo Bootcamp Martes 25 de Marzo, Martes 1, 8 y 15 de Abril 2025 Horario 19:00Hrs (CL) Inscripciones CERRADAS Precio lanzamiento US $397 \u00a1hasta en 12 cuotas! Valor normal US $597Incluye Bonus:\u2013 [&hellip;]<\/p>\n","protected":false},"author":1,"featured_media":0,"parent":0,"menu_order":0,"comment_status":"closed","ping_status":"closed","template":"","meta":{"footnotes":""},"class_list":["post-6","page","type-page","status-publish","hentry"],"_links":{"self":[{"href":"https:\/\/bootcamp.globaluinternships.com\/index.php?rest_route=\/wp\/v2\/pages\/6","targetHints":{"allow":["GET"]}}],"collection":[{"href":"https:\/\/bootcamp.globaluinternships.com\/index.php?rest_route=\/wp\/v2\/pages"}],"about":[{"href":"https:\/\/bootcamp.globaluinternships.com\/index.php?rest_route=\/wp\/v2\/types\/page"}],"author":[{"embeddable":true,"href":"https:\/\/bootcamp.globaluinternships.com\/index.php?rest_route=\/wp\/v2\/users\/1"}],"replies":[{"embeddable":true,"href":"https:\/\/bootcamp.globaluinternships.com\/index.php?rest_route=%2Fwp%2Fv2%2Fcomments&post=6"}],"version-history":[{"count":11,"href":"https:\/\/bootcamp.globaluinternships.com\/index.php?rest_route=\/wp\/v2\/pages\/6\/revisions"}],"predecessor-version":[{"id":28,"href":"https:\/\/bootcamp.globaluinternships.com\/index.php?rest_route=\/wp\/v2\/pages\/6\/revisions\/28"}],"wp:attachment":[{"href":"https:\/\/bootcamp.globaluinternships.com\/index.php?rest_route=%2Fwp%2Fv2%2Fmedia&parent=6"}],"curies":[{"name":"wp","href":"https:\/\/api.w.org\/{rel}","templated":true}]}}